{"id":612,"date":"2016-03-07T03:11:04","date_gmt":"2016-03-07T03:11:04","guid":{"rendered":"https:\/\/gaviaspreview.com\/wp\/inusti\/?page_id=612"},"modified":"2026-04-08T09:31:51","modified_gmt":"2026-04-08T09:31:51","slug":"about-page","status":"publish","type":"page","link":"https:\/\/socielec.com\/index.php\/about-page\/","title":{"rendered":"A propos"},"content":{"rendered":"\t\t<div data-elementor-type=\"wp-post\" data-elementor-id=\"612\" class=\"elementor elementor-612\">\n\t\t\t\t\t\t<section class=\"elementor-section elementor-top-section elementor-element elementor-element-38471f2 elementor-section-boxed elementor-section-height-default elementor-section-height-default\" data-id=\"38471f2\" data-element_type=\"section\" data-e-type=\"section\">\n\t\t\t\t\t\t<div class=\"elementor-container elementor-column-gap-default\">\n\t\t\t\t\t<div class=\"elementor-column elementor-col-25 elementor-top-column elementor-element elementor-element-1bbaa26 top column-style-top\" data-id=\"1bbaa26\" data-element_type=\"column\" data-e-type=\"column\">\n\t\t\t<div class=\"elementor-widget-wrap elementor-element-populated\">\n\t\t\t\t\t\t<div class=\"elementor-element elementor-element-1da132c elementor-widget elementor-widget-image\" data-id=\"1da132c\" data-element_type=\"widget\" data-e-type=\"widget\" data-widget_type=\"image.default\">\n\t\t\t\t\t\t\t\t\t\t\t\t\t\t\t<img fetchpriority=\"high\" decoding=\"async\" width=\"600\" height=\"600\" src=\"https:\/\/socielec.com\/wp-content\/uploads\/2021\/05\/image-14-1.jpg\" class=\"attachment-full size-full wp-image-12419\" alt=\"\" srcset=\"https:\/\/socielec.com\/wp-content\/uploads\/2021\/05\/image-14-1.jpg 600w, https:\/\/socielec.com\/wp-content\/uploads\/2021\/05\/image-14-1-300x300.jpg 300w, https:\/\/socielec.com\/wp-content\/uploads\/2021\/05\/image-14-1-180x180.jpg 180w\" sizes=\"(max-width: 600px) 100vw, 600px\" \/>\t\t\t\t\t\t\t\t\t\t\t\t\t\t\t<\/div>\n\t\t\t\t<div class=\"elementor-element elementor-element-b648e4a elementor-widget elementor-widget-image\" data-id=\"b648e4a\" data-element_type=\"widget\" data-e-type=\"widget\" data-widget_type=\"image.default\">\n\t\t\t\t\t\t\t\t\t\t\t\t\t\t\t<img decoding=\"async\" width=\"600\" height=\"600\" src=\"https:\/\/socielec.com\/wp-content\/uploads\/2021\/05\/image-15-1.jpg\" class=\"attachment-full size-full wp-image-12420\" alt=\"\" srcset=\"https:\/\/socielec.com\/wp-content\/uploads\/2021\/05\/image-15-1.jpg 600w, https:\/\/socielec.com\/wp-content\/uploads\/2021\/05\/image-15-1-300x300.jpg 300w, https:\/\/socielec.com\/wp-content\/uploads\/2021\/05\/image-15-1-180x180.jpg 180w\" sizes=\"(max-width: 600px) 100vw, 600px\" \/>\t\t\t\t\t\t\t\t\t\t\t\t\t\t\t<\/div>\n\t\t\t\t\t<\/div>\n\t\t<\/div>\n\t\t\t\t<div class=\"elementor-column elementor-col-25 elementor-top-column elementor-element elementor-element-113c790 top column-style-top\" data-id=\"113c790\" data-element_type=\"column\" data-e-type=\"column\" data-settings=\"{&quot;background_background&quot;:&quot;classic&quot;}\">\n\t\t\t<div class=\"elementor-widget-wrap elementor-element-populated\">\n\t\t\t\t\t\t<div class=\"elementor-element elementor-element-971798b elementor-widget elementor-widget-spacer\" data-id=\"971798b\" data-element_type=\"widget\" data-e-type=\"widget\" data-widget_type=\"spacer.default\">\n\t\t\t\t\t\t\t<div class=\"elementor-spacer\">\n\t\t\t<div class=\"elementor-spacer-inner\"><\/div>\n\t\t<\/div>\n\t\t\t\t\t\t<\/div>\n\t\t\t\t\t<\/div>\n\t\t<\/div>\n\t\t\t\t<div class=\"elementor-column elementor-col-50 elementor-top-column elementor-element elementor-element-1d47282 top column-style-top\" data-id=\"1d47282\" data-element_type=\"column\" data-e-type=\"column\">\n\t\t\t<div class=\"elementor-widget-wrap elementor-element-populated\">\n\t\t\t\t\t\t<div class=\"elementor-element elementor-element-ef442b0 elementor-widget elementor-widget-gva-heading-block\" data-id=\"ef442b0\" data-element_type=\"widget\" data-e-type=\"widget\" data-widget_type=\"gva-heading-block.default\">\n\t\t\t\t<div class=\"elementor-widget-container\">\n\t\t\t\t\t<div class=\"gva-element-gva-heading-block gva-element\">   <div class=\"align-left style-1 widget gsc-heading box-align-left\">\r\n      <div class=\"content-inner\">\r\n         \r\n                  \r\n                     <div class=\"clearfix\"><div class=\"sub-title\"><span>QUI SOMMES-NOUS<\/span><\/div><\/div>\r\n           \r\n         \r\n                     <h2 class=\"title\">\r\n               <span>Un partenaire industriel de confiance au Maroc<\/span>\r\n            <\/h2>\r\n                              <div class=\"title-desc\">Cr\u00e9\u00e9e par des professionnels du domaine, SOCIELEC a pour vocation l\u2019\u00e9tude, la fourniture et l\u2019installation de solutions \u00e9lectriques, d\u2019automatisme, d\u2019instrumentation et d\u2019\u00e9quipements de laboratoire destin\u00e9s aux grandes industries au Maroc.\n\nNotre mission est d\u2019accompagner nos clients dans l\u2019optimisation de leurs installations industrielles en leur proposant des solutions fiables, performantes et conformes aux normes en vigueur.\nNous nous appuyons sur le savoir-faire de nos dirigeants, l\u2019expertise technique de nos \u00e9quipes et une approche orient\u00e9e r\u00e9sultats.<\/div>\r\n         \r\n         \r\n      <\/div>\r\n   <\/div>\r\n   <div class=\"clearfix\"><\/div>\r\n<\/div>\t\t\t\t<\/div>\n\t\t\t\t<\/div>\n\t\t\t\t<section class=\"elementor-section elementor-inner-section elementor-element elementor-element-00fd54e elementor-section-boxed elementor-section-height-default elementor-section-height-default\" data-id=\"00fd54e\" data-element_type=\"section\" data-e-type=\"section\">\n\t\t\t\t\t\t<div class=\"elementor-container elementor-column-gap-default\">\n\t\t\t\t\t<div class=\"elementor-column elementor-col-100 elementor-inner-column elementor-element elementor-element-8c52f3e top column-style-top\" data-id=\"8c52f3e\" data-element_type=\"column\" data-e-type=\"column\">\n\t\t\t<div class=\"elementor-widget-wrap elementor-element-populated\">\n\t\t\t\t\t\t<div class=\"elementor-element elementor-element-e467051 icon-color-theme elementor-icon-list--layout-traditional elementor-list-item-link-full_width elementor-widget elementor-widget-icon-list\" data-id=\"e467051\" data-element_type=\"widget\" data-e-type=\"widget\" data-widget_type=\"icon-list.default\">\n\t\t\t\t\t\t\t<ul class=\"elementor-icon-list-items\">\n\t\t\t\t\t\t\t<li class=\"elementor-icon-list-item\">\n\t\t\t\t\t\t\t\t\t\t\t<span class=\"elementor-icon-list-icon\">\n\t\t\t\t\t\t\t<i aria-hidden=\"true\" class=\"fas fa-chevron-circle-down\"><\/i>\t\t\t\t\t\t<\/span>\n\t\t\t\t\t\t\t\t\t\t<span class=\"elementor-icon-list-text\">Expertise technique \u00e9prouv\u00e9e<\/span>\n\t\t\t\t\t\t\t\t\t<\/li>\n\t\t\t\t\t\t\t\t<li class=\"elementor-icon-list-item\">\n\t\t\t\t\t\t\t\t\t\t\t<span class=\"elementor-icon-list-icon\">\n\t\t\t\t\t\t\t<i aria-hidden=\"true\" class=\"fas fa-chevron-circle-down\"><\/i>\t\t\t\t\t\t<\/span>\n\t\t\t\t\t\t\t\t\t\t<span class=\"elementor-icon-list-text\">Solutions industrielles sur mesure<\/span>\n\t\t\t\t\t\t\t\t\t<\/li>\n\t\t\t\t\t\t<\/ul>\n\t\t\t\t\t\t<\/div>\n\t\t\t\t\t<\/div>\n\t\t<\/div>\n\t\t\t\t\t<\/div>\n\t\t<\/section>\n\t\t\t\t<div class=\"elementor-element elementor-element-fa5d92a elementor-widget elementor-widget-progress\" data-id=\"fa5d92a\" data-element_type=\"widget\" data-e-type=\"widget\" data-widget_type=\"progress.default\">\n\t\t\t\t\t\t\t\t<span class=\"elementor-title\" id=\"elementor-progress-bar-fa5d92a\">\n\t\t\t\t\u00c9lectricit\u00e9 &amp; automatisme\t\t\t<\/span>\n\t\t\n\t\t<div aria-labelledby=\"elementor-progress-bar-fa5d92a\" class=\"elementor-progress-wrapper\" role=\"progressbar\" aria-valuemin=\"0\" aria-valuemax=\"100\" aria-valuenow=\"95\">\n\t\t\t<div class=\"elementor-progress-bar\" data-max=\"95\">\n\t\t\t\t<span class=\"elementor-progress-text\"><\/span>\n\t\t\t\t\t\t\t\t\t<span class=\"elementor-progress-percentage\">95%<\/span>\n\t\t\t\t\t\t\t<\/div>\n\t\t<\/div>\n\t\t\t\t\t\t<\/div>\n\t\t\t\t<div class=\"elementor-element elementor-element-e0ae71c elementor-widget elementor-widget-progress\" data-id=\"e0ae71c\" data-element_type=\"widget\" data-e-type=\"widget\" data-widget_type=\"progress.default\">\n\t\t\t\t\t\t\t\t<span class=\"elementor-title\" id=\"elementor-progress-bar-e0ae71c\">\n\t\t\t\tIndustrie &amp; instrumentation\t\t\t<\/span>\n\t\t\n\t\t<div aria-labelledby=\"elementor-progress-bar-e0ae71c\" class=\"elementor-progress-wrapper\" role=\"progressbar\" aria-valuemin=\"0\" aria-valuemax=\"100\" aria-valuenow=\"90\">\n\t\t\t<div class=\"elementor-progress-bar\" data-max=\"90\">\n\t\t\t\t<span class=\"elementor-progress-text\"><\/span>\n\t\t\t\t\t\t\t\t\t<span class=\"elementor-progress-percentage\">90%<\/span>\n\t\t\t\t\t\t\t<\/div>\n\t\t<\/div>\n\t\t\t\t\t\t<\/div>\n\t\t\t\t\t<\/div>\n\t\t<\/div>\n\t\t\t\t\t<\/div>\n\t\t<\/section>\n\t\t\t\t<section class=\"elementor-section elementor-top-section elementor-element elementor-element-89e0c06 elementor-section-boxed elementor-section-height-default elementor-section-height-default\" data-id=\"89e0c06\" data-element_type=\"section\" data-e-type=\"section\" data-settings=\"{&quot;background_background&quot;:&quot;classic&quot;}\">\n\t\t\t\t\t\t<div class=\"elementor-container elementor-column-gap-default\">\n\t\t\t\t\t<div class=\"elementor-column elementor-col-100 elementor-top-column elementor-element elementor-element-7e1296f top column-style-top\" data-id=\"7e1296f\" data-element_type=\"column\" data-e-type=\"column\">\n\t\t\t<div class=\"elementor-widget-wrap elementor-element-populated\">\n\t\t\t\t\t\t<div class=\"elementor-element elementor-element-3d840f9 elementor-widget elementor-widget-gva-heading-block\" data-id=\"3d840f9\" data-element_type=\"widget\" data-e-type=\"widget\" data-widget_type=\"gva-heading-block.default\">\n\t\t\t\t<div class=\"elementor-widget-container\">\n\t\t\t\t\t<div class=\"gva-element-gva-heading-block gva-element\">   <div class=\"align-center style-1 widget gsc-heading box-align-center\">\r\n      <div class=\"content-inner\">\r\n         \r\n                  \r\n                     <div class=\"clearfix\"><div class=\"sub-title\"><span>Secteurs d&#039;activit\u00e9s<\/span><\/div><\/div>\r\n           \r\n         \r\n                     <h2 class=\"title\">\r\n               <span>Secteurs industriels que nous accompagnons<\/span>\r\n            <\/h2>\r\n                  \r\n         \r\n      <\/div>\r\n   <\/div>\r\n   <div class=\"clearfix\"><\/div>\r\n<\/div>\t\t\t\t<\/div>\n\t\t\t\t<\/div>\n\t\t\t\t<div class=\"elementor-element elementor-element-2cfffcd elementor-widget elementor-widget-gva-services-group\" data-id=\"2cfffcd\" data-element_type=\"widget\" data-e-type=\"widget\" data-widget_type=\"gva-services-group.default\">\n\t\t\t\t<div class=\"elementor-widget-container\">\n\t\t\t\t\t<div class=\"gva-element-gva-services-group gva-element\">\r\n<div class=\"gsc-services-group layout-grid\">\r\n   <div class=\"lg-block-grid-3 md-block-grid-3 sm-block-grid-2 xs-block-grid-1 xx-block-grid-1\">\r\n               <div class=\"item-columns\">\r\n            \r\n   <div class=\"service-item style-1\">\r\n      <div class=\"service-item-content\">\r\n      \t\t<div class=\"service-image\">\t      \t\r\n\t\t\t\r\n\t\t\t\t\t\t\t<img decoding=\"async\" src=\"https:\/\/gaviaspreview.com\/wp\/inusti\/wp-content\/uploads\/2018\/01\/service-1.jpg\" alt=\"Industrie&lt;br&gt; \u00e9nerg\u00e9tique\" \/>\r\n\t\t\t\t\t\r\n\t            \t\t\t\t\t<span class=\"service-icon\">\r\n\t\t\t\t\t\t<i aria-hidden=\"true\" class=\"fi flaticon-factory-2\"><\/i>\t\t\t\t\t<\/span>\r\n\t\t\t\t\t\t\t<\/div>\r\n            <div class=\"service-content\">\r\n\t\t\t\t\t\t\t\t\t<h3 class=\"title\"><span>Industrie<br> \u00e9nerg\u00e9tique<\/span><\/h3>\r\n\t\t\t\t\r\n\t\t\t\t\t\t\t\t\t<div class=\"desc\">Solutions \u00e9lectriques et d\u2019automatisme pour centrales, postes et infrastructures \u00e9nerg\u00e9tiques.<\/div>\r\n\t\t\t\t\r\n\t\t\t\t\t\t\t\t\t\r\n\t\t\t\t\t<div class=\"read-more\">\r\n\t\t               <a href=\"https:\/\/gaviaspreview.com\/wp\/inusti\/service\/industry-construction\/\">\r\n\t\t               \t<i class=\"fas fa-long-arrow-alt-right\"><\/i>\r\n\t\t               <\/a>\r\n\t\t            <\/div>\r\n\t\t\t\t\t\t\t<\/div>\r\n\t\t<\/div>\r\n\t\t\r\n\t\t        <a href=\"https:\/\/gaviaspreview.com\/wp\/inusti\/service\/industry-construction\/\" class=\"link-overlay\" target=\"_blank\"><\/a>\r\n        \t<\/div>\t\t\r\n\t\r\n\r\n\r\n<!-- Style II -->\r\n\t         <\/div>\r\n               <div class=\"item-columns\">\r\n            \r\n   <div class=\"service-item style-1\">\r\n      <div class=\"service-item-content\">\r\n      \t\t<div class=\"service-image\">\t      \t\r\n\t\t\t\r\n\t\t\t\t\t\t\t<img decoding=\"async\" src=\"https:\/\/gaviaspreview.com\/wp\/inusti\/wp-content\/uploads\/2018\/01\/service-2.jpg\" alt=\"Industrie&lt;br&gt; mini\u00e8re\" \/>\r\n\t\t\t\t\t\r\n\t            \t\t\t\t\t<span class=\"service-icon\">\r\n\t\t\t\t\t\t<i aria-hidden=\"true\" class=\"fi flaticon-factory-3\"><\/i>\t\t\t\t\t<\/span>\r\n\t\t\t\t\t\t\t<\/div>\r\n            <div class=\"service-content\">\r\n\t\t\t\t\t\t\t\t\t<h3 class=\"title\"><span>Industrie<br> mini\u00e8re<\/span><\/h3>\r\n\t\t\t\t\r\n\t\t\t\t\t\t\t\t\t<div class=\"desc\">\u00c9quipements robustes et fiables pour les environnements industriels exigeants.<\/div>\r\n\t\t\t\t\r\n\t\t\t\t\t\t\t\t\t\r\n\t\t\t\t\t<div class=\"read-more\">\r\n\t\t               <a href=\"https:\/\/gaviaspreview.com\/wp\/inusti\/service\/petroleum-and-gas\/\">\r\n\t\t               \t<i class=\"fas fa-long-arrow-alt-right\"><\/i>\r\n\t\t               <\/a>\r\n\t\t            <\/div>\r\n\t\t\t\t\t\t\t<\/div>\r\n\t\t<\/div>\r\n\t\t\r\n\t\t        <a href=\"https:\/\/gaviaspreview.com\/wp\/inusti\/service\/petroleum-and-gas\/\" class=\"link-overlay\" target=\"_blank\"><\/a>\r\n        \t<\/div>\t\t\r\n\t\r\n\r\n\r\n<!-- Style II -->\r\n\t         <\/div>\r\n               <div class=\"item-columns\">\r\n            \r\n   <div class=\"service-item style-1\">\r\n      <div class=\"service-item-content\">\r\n      \t\t<div class=\"service-image\">\t      \t\r\n\t\t\t\r\n\t\t\t\t\t\t\t<img decoding=\"async\" src=\"https:\/\/gaviaspreview.com\/wp\/inusti\/wp-content\/uploads\/2018\/01\/service-3.jpg\" alt=\"Industrie chimique &lt;br&gt;&amp; p\u00e9troli\u00e8re\" \/>\r\n\t\t\t\t\t\r\n\t            \t\t\t\t\t<span class=\"service-icon\">\r\n\t\t\t\t\t\t<i aria-hidden=\"true\" class=\"fi flaticon-import\"><\/i>\t\t\t\t\t<\/span>\r\n\t\t\t\t\t\t\t<\/div>\r\n            <div class=\"service-content\">\r\n\t\t\t\t\t\t\t\t\t<h3 class=\"title\"><span>Industrie chimique <br>& p\u00e9troli\u00e8re<\/span><\/h3>\r\n\t\t\t\t\r\n\t\t\t\t\t\t\t\t\t<div class=\"desc\">Syst\u00e8mes s\u00e9curis\u00e9s r\u00e9pondant aux normes de s\u00e9curit\u00e9 et aux contraintes ATEX.<\/div>\r\n\t\t\t\t\r\n\t\t\t\t\t\t\t\t\t\r\n\t\t\t\t\t<div class=\"read-more\">\r\n\t\t               <a href=\"https:\/\/gaviaspreview.com\/wp\/inusti\/service\/metal-and-chemical\/\">\r\n\t\t               \t<i class=\"fas fa-long-arrow-alt-right\"><\/i>\r\n\t\t               <\/a>\r\n\t\t            <\/div>\r\n\t\t\t\t\t\t\t<\/div>\r\n\t\t<\/div>\r\n\t\t\r\n\t\t        <a href=\"https:\/\/gaviaspreview.com\/wp\/inusti\/service\/metal-and-chemical\/\" class=\"link-overlay\" target=\"_blank\"><\/a>\r\n        \t<\/div>\t\t\r\n\t\r\n\r\n\r\n<!-- Style II -->\r\n\t         <\/div>\r\n         <\/div>   \r\n<\/div>\r\n<\/div>\t\t\t\t<\/div>\n\t\t\t\t<\/div>\n\t\t\t\t\t<\/div>\n\t\t<\/div>\n\t\t\t\t\t<\/div>\n\t\t<\/section>\n\t\t\t\t<section class=\"elementor-section elementor-top-section elementor-element elementor-element-c86c653 elementor-section-boxed elementor-section-height-default elementor-section-height-default\" data-id=\"c86c653\" data-element_type=\"section\" data-e-type=\"section\" data-settings=\"{&quot;background_background&quot;:&quot;classic&quot;}\">\n\t\t\t\t\t\t<div class=\"elementor-container elementor-column-gap-default\">\n\t\t\t\t\t<div class=\"elementor-column elementor-col-100 elementor-top-column elementor-element elementor-element-c4cb346 top column-style-top\" data-id=\"c4cb346\" data-element_type=\"column\" data-e-type=\"column\">\n\t\t\t<div class=\"elementor-widget-wrap elementor-element-populated\">\n\t\t\t\t\t\t<div class=\"elementor-element elementor-element-2615de5 elementor-widget elementor-widget-gva-heading-block\" data-id=\"2615de5\" data-element_type=\"widget\" data-e-type=\"widget\" data-widget_type=\"gva-heading-block.default\">\n\t\t\t\t<div class=\"elementor-widget-container\">\n\t\t\t\t\t<div class=\"gva-element-gva-heading-block gva-element\">   <div class=\"align-center style-1 widget gsc-heading box-align-center\">\r\n      <div class=\"content-inner\">\r\n         \r\n                  \r\n                     <div class=\"clearfix\"><div class=\"sub-title\"><span>SOCIELEC SARL<\/span><\/div><\/div>\r\n           \r\n         \r\n                     <h2 class=\"title\">\r\n               <span>Nos partenaires<\/span>\r\n            <\/h2>\r\n                  \r\n         \r\n      <\/div>\r\n   <\/div>\r\n   <div class=\"clearfix\"><\/div>\r\n<\/div>\t\t\t\t<\/div>\n\t\t\t\t<\/div>\n\t\t\t\t<div class=\"elementor-element elementor-element-5823b37 elementor-widget elementor-widget-gva-brand\" data-id=\"5823b37\" data-element_type=\"widget\" data-e-type=\"widget\" data-widget_type=\"gva-brand.default\">\n\t\t\t\t<div class=\"elementor-widget-container\">\n\t\t\t\t\t<div class=\"gva-element-gva-brand gva-element\">\r\n   <div class=\"gva-brand-carousel style-2\">\r\n      <div class=\"init-carousel-owl owl-carousel\" data-items=\"3\" data-items_lg=\"3\" data-items_md=\"3\" data-items_sm=\"2\" data-items_xs=\"1\" data-items_xx=\"1\" data-loop=\"1\" data-speed=\"800\" data-auto_play=\"1\" data-auto_play_speed=\"800\" data-auto_play_timeout=\"6000\" data-auto_play_hover=\"1\" data-navigation=\"1\" data-pagination=\"0\" data-mouse_drag=\"1\" data-touch_drag=\"1\" >\r\n                                 <div class=\"item brand-item\">\r\n               <div class=\"brand-item-content\">\r\n                  <span >\r\n                     <img decoding=\"async\" src=\"https:\/\/socielec.com\/wp-content\/uploads\/2026\/01\/8-e1768296918296.png\" alt=\"\" class=\"brand-img\"\/>                  <\/span>   \r\n               <\/div>\r\n            <\/div>\r\n                                 <div class=\"item brand-item\">\r\n               <div class=\"brand-item-content\">\r\n                  <span >\r\n                     <img decoding=\"async\" src=\"https:\/\/socielec.com\/wp-content\/uploads\/2026\/01\/4-e1768297033151.png\" alt=\"\" class=\"brand-img\"\/>                  <\/span>   \r\n               <\/div>\r\n            <\/div>\r\n                                 <div class=\"item brand-item\">\r\n               <div class=\"brand-item-content\">\r\n                  <span >\r\n                     <img decoding=\"async\" src=\"https:\/\/socielec.com\/wp-content\/uploads\/2026\/04\/ONE.png\" alt=\"\" class=\"brand-img\"\/>                  <\/span>   \r\n               <\/div>\r\n            <\/div>\r\n                                 <div class=\"item brand-item\">\r\n               <div class=\"brand-item-content\">\r\n                  <span >\r\n                     <img decoding=\"async\" src=\"https:\/\/socielec.com\/wp-content\/uploads\/2026\/01\/6-1-e1768297524466.png\" alt=\"\" class=\"brand-img\"\/>                  <\/span>   \r\n               <\/div>\r\n            <\/div>\r\n                                 <div class=\"item brand-item\">\r\n               <div class=\"brand-item-content\">\r\n                  <span >\r\n                     <img decoding=\"async\" src=\"https:\/\/socielec.com\/wp-content\/uploads\/2026\/01\/3-1-e1768297600657.png\" alt=\"\" class=\"brand-img\"\/>                  <\/span>   \r\n               <\/div>\r\n            <\/div>\r\n                                 <div class=\"item brand-item\">\r\n               <div class=\"brand-item-content\">\r\n                  <span >\r\n                     <img decoding=\"async\" src=\"https:\/\/socielec.com\/wp-content\/uploads\/2026\/04\/WhatsApp-Image-2026-04-08-at-11.28.01-AM.jpeg\" alt=\"\" class=\"brand-img\"\/>                  <\/span>   \r\n               <\/div>\r\n            <\/div>\r\n               <\/div>\r\n   <\/div>\r\n<\/div>\t\t\t\t<\/div>\n\t\t\t\t<\/div>\n\t\t\t\t\t<\/div>\n\t\t<\/div>\n\t\t\t\t\t<\/div>\n\t\t<\/section>\n\t\t\t\t<section class=\"elementor-section elementor-top-section elementor-element elementor-element-e98882b elementor-section-boxed elementor-section-height-default elementor-section-height-default\" data-id=\"e98882b\" data-element_type=\"section\" data-e-type=\"section\" data-settings=\"{&quot;background_background&quot;:&quot;classic&quot;}\">\n\t\t\t\t\t\t<div class=\"elementor-container elementor-column-gap-default\">\n\t\t\t\t\t<div class=\"elementor-column elementor-col-100 elementor-top-column elementor-element elementor-element-45bb2d9 top column-style-top\" data-id=\"45bb2d9\" data-element_type=\"column\" data-e-type=\"column\">\n\t\t\t<div class=\"elementor-widget-wrap elementor-element-populated\">\n\t\t\t\t\t\t<div class=\"elementor-element elementor-element-158ff57 elementor-widget elementor-widget-gva-call-to-action\" data-id=\"158ff57\" data-element_type=\"widget\" data-e-type=\"widget\" data-widget_type=\"gva-call-to-action.default\">\n\t\t\t\t<div class=\"elementor-widget-container\">\n\t\t\t\t\t<div class=\"gva-element-gva-call-to-action gva-element\">\r\n   <div class=\"button-center widget gsc-call-to-action\">\r\n      <div class=\"content-inner clearfix\" >\r\n         <div class=\"cta-content\">\r\n                           <h2 class=\"title\">\r\n                  <span>Une expertise industrielle <br>orient\u00e9e performance<\/span>\r\n               <\/h2>\r\n                                                   <div class=\"desc\">Depuis sa cr\u00e9ation, SOCIELEC accompagne les acteurs industriels dans des projets exigeants, en mettant l\u2019accent sur la s\u00e9curit\u00e9, la continuit\u00e9 de service et la durabilit\u00e9 des installations.<\/div>\r\n                     <\/div>\r\n                     <div class=\"button-action\">\r\n                       <a href=\"https:\/\/socielec.com\/index.php\/contact-page\/\" class=\"btn-cta btn-theme\">\r\n          <span>Demander un devis<\/span>\r\n        <\/a>\r\n\r\n                    <\/div>\r\n               <\/div>\r\n   <\/div>\r\n<\/div>\t\t\t\t<\/div>\n\t\t\t\t<\/div>\n\t\t\t\t\t<\/div>\n\t\t<\/div>\n\t\t\t\t\t<\/div>\n\t\t<\/section>\n\t\t\t\t<section class=\"elementor-section elementor-top-section elementor-element elementor-element-fe1d476 bg-row-theme elementor-section-boxed elementor-section-height-default elementor-section-height-default\" data-id=\"fe1d476\" data-element_type=\"section\" data-e-type=\"section\">\n\t\t\t\t\t\t<div class=\"elementor-container elementor-column-gap-default\">\n\t\t\t\t\t<div class=\"elementor-column elementor-col-100 elementor-top-column elementor-element elementor-element-c630f8b top column-style-top\" data-id=\"c630f8b\" data-element_type=\"column\" data-e-type=\"column\">\n\t\t\t<div class=\"elementor-widget-wrap elementor-element-populated\">\n\t\t\t\t\t\t<div class=\"elementor-element elementor-element-15c4805 elementor-widget elementor-widget-gva-call-to-action\" data-id=\"15c4805\" data-element_type=\"widget\" data-e-type=\"widget\" data-widget_type=\"gva-call-to-action.default\">\n\t\t\t\t<div class=\"elementor-widget-container\">\n\t\t\t\t\t<div class=\"gva-element-gva-call-to-action gva-element\">\r\n   <div class=\"button-right widget gsc-call-to-action\">\r\n      <div class=\"content-inner clearfix\" >\r\n         <div class=\"cta-content\">\r\n                           <h2 class=\"title\">\r\n                  <span>Des services industriels de haute qualit\u00e9<\/span>\r\n               <\/h2>\r\n                                             <\/div>\r\n                     <div class=\"button-action\">\r\n                       <a href=\"#\" class=\"btn-cta btn-black\">\r\n          <span>Nous contacter<\/span>\r\n        <\/a>\r\n\r\n                    <\/div>\r\n               <\/div>\r\n   <\/div>\r\n<\/div>\t\t\t\t<\/div>\n\t\t\t\t<\/div>\n\t\t\t\t\t<\/div>\n\t\t<\/div>\n\t\t\t\t\t<\/div>\n\t\t<\/section>\n\t\t\t\t<\/div>\n\t\t","protected":false},"excerpt":{"rendered":"<p>QUI SOMMES-NOUS Un partenaire industriel de confiance au Maroc Cr\u00e9\u00e9e par des professionnels du domaine, SOCIELEC a pour vocation l\u2019\u00e9tude, la fourniture et l\u2019installation de solutions \u00e9lectriques, d\u2019automatisme, d\u2019instrumentation et [&hellip;]<\/p>\n","protected":false},"author":1,"featured_media":0,"parent":0,"menu_order":0,"comment_status":"closed","ping_status":"closed","template":"","meta":{"footnotes":""},"class_list":["post-612","page","type-page","status-publish","hentry"],"_links":{"self":[{"href":"https:\/\/socielec.com\/index.php\/wp-json\/wp\/v2\/pages\/612","targetHints":{"allow":["GET"]}}],"collection":[{"href":"https:\/\/socielec.com\/index.php\/wp-json\/wp\/v2\/pages"}],"about":[{"href":"https:\/\/socielec.com\/index.php\/wp-json\/wp\/v2\/types\/page"}],"author":[{"embeddable":true,"href":"https:\/\/socielec.com\/index.php\/wp-json\/wp\/v2\/users\/1"}],"replies":[{"embeddable":true,"href":"https:\/\/socielec.com\/index.php\/wp-json\/wp\/v2\/comments?post=612"}],"version-history":[{"count":22,"href":"https:\/\/socielec.com\/index.php\/wp-json\/wp\/v2\/pages\/612\/revisions"}],"predecessor-version":[{"id":13634,"href":"https:\/\/socielec.com\/index.php\/wp-json\/wp\/v2\/pages\/612\/revisions\/13634"}],"wp:attachment":[{"href":"https:\/\/socielec.com\/index.php\/wp-json\/wp\/v2\/media?parent=612"}],"curies":[{"name":"wp","href":"https:\/\/api.w.org\/{rel}","templated":true}]}}